{"id":573,"date":"2021-05-29T08:25:03","date_gmt":"2021-05-29T07:25:03","guid":{"rendered":"https:\/\/www.lesfreresdebekker.be\/conditions-generales-de-vente\/"},"modified":"2025-10-16T13:16:28","modified_gmt":"2025-10-16T12:16:28","slug":"conditions-generales-de-vente","status":"publish","type":"page","link":"https:\/\/www.lesfreresdebekker.be\/en\/conditions-generales-de-vente\/","title":{"rendered":"Conditions g\u00e9n\u00e9rales de vente"},"content":{"rendered":"<div class=\"fusion-fullwidth fullwidth-box fusion-builder-row-1 fusion-flex-container nonhundred-percent-fullwidth non-hundred-percent-height-scrolling\" style=\"--awb-border-radius-top-left:0px;--awb-border-radius-top-right:0px;--awb-border-radius-bottom-right:0px;--awb-border-radius-bottom-left:0px;\" ><div class=\"fusion-builder-row fusion-row fusion-flex-align-items-flex-start\" style=\"max-width:1040px;margin-left: calc(-4% \/ 2 );margin-right: calc(-4% \/ 2 );\"><div class=\"fusion-layout-column fusion_builder_column fusion-builder-column-0 fusion_builder_column_1_1 1_1 fusion-flex-column\" style=\"--awb-bg-size:cover;--awb-width-large:100%;--awb-margin-top-large:0px;--awb-spacing-right-large:1.92%;--awb-margin-bottom-large:20px;--awb-spacing-left-large:1.92%;--awb-width-medium:100%;--awb-order-medium:0;--awb-spacing-right-medium:1.92%;--awb-spacing-left-medium:1.92%;--awb-width-small:100%;--awb-order-small:0;--awb-spacing-right-small:1.92%;--awb-spacing-left-small:1.92%;\"><div class=\"fusion-column-wrapper fusion-column-has-shadow fusion-flex-justify-content-flex-start fusion-content-layout-column\"><div class=\"fusion-text fusion-text-1\"><h1>General conditions<\/h1>\n<p>1. Our invoices are due upon receipt and are payable to Les Fr\u00e8res Debekker s.a. Caterer or to the financial institution mentioned at the bottom of our invoice.<\/p>\n<p>2. Any unpaid invoice on its due date will be charged of an interest rate of 1% per month, until total payment of the invoice.<\/p>\n<p>3. According to the Civic Code (art. 1139), the official due date of an invoice is its receipt.<\/p>\n<p>4. In case of non-payment of a due invoice, a contractual penal clause of 12% will be charged to the debtor, with a minimum amount of 125,00\u20ac.<\/p>\n<p>5. This contract depends on Belgian law. Any disagreement will be brought to the Court of Brussels District and if required, to the Justice of the Peace of the first Canton of the District.<\/p>\n<\/div><\/div><\/div><\/div><\/div>\n","protected":false},"excerpt":{"rendered":"","protected":false},"author":1,"featured_media":0,"parent":0,"menu_order":0,"comment_status":"closed","ping_status":"closed","template":"","meta":{"footnotes":""},"class_list":["post-573","page","type-page","status-publish","hentry"],"yoast_head":"<!-- This site is optimized with the Yoast SEO plugin v26.7 - https:\/\/yoast.com\/wordpress\/plugins\/seo\/ -->\n<title>Conditions g\u00e9n\u00e9rales de vente - Les Fr\u00e8res Debekker<\/title>\n<meta name=\"description\" content=\"Consult the Debekker brothers&#039; terms and conditions of sale: information on payment terms and commitments for your culinary events.\" \/>\n<meta name=\"robots\" content=\"index, follow, max-snippet:-1, max-image-preview:large, max-video-preview:-1\" \/>\n<link rel=\"canonical\" href=\"https:\/\/www.lesfreresdebekker.be\/conditions-generales-de-vente\/\" \/>\n<meta property=\"og:locale\" content=\"en_US\" \/>\n<meta property=\"og:type\" content=\"article\" \/>\n<meta property=\"og:title\" content=\"Conditions g\u00e9n\u00e9rales de vente - Les Fr\u00e8res Debekker\" \/>\n<meta property=\"og:description\" content=\"Consult the Debekker brothers&#039; terms and conditions of sale: information on payment terms and commitments for your culinary events.\" \/>\n<meta property=\"og:url\" content=\"https:\/\/www.lesfreresdebekker.be\/conditions-generales-de-vente\/\" \/>\n<meta property=\"og:site_name\" content=\"Les Fr\u00e8res Debekker\" \/>\n<meta property=\"article:modified_time\" content=\"2025-10-16T12:16:28+00:00\" \/>\n<meta name=\"twitter:card\" content=\"summary_large_image\" \/>\n<meta name=\"twitter:label1\" content=\"Est. reading time\" \/>\n\t<meta name=\"twitter:data1\" content=\"4 minutes\" \/>\n<script type=\"application\/ld+json\" class=\"yoast-schema-graph\">{\"@context\":\"https:\/\/schema.org\",\"@graph\":[{\"@type\":\"WebPage\",\"@id\":\"https:\/\/www.lesfreresdebekker.be\/conditions-generales-de-vente\/\",\"url\":\"https:\/\/www.lesfreresdebekker.be\/conditions-generales-de-vente\/\",\"name\":\"Conditions g\u00e9n\u00e9rales de vente - Les Fr\u00e8res Debekker\",\"isPartOf\":{\"@id\":\"https:\/\/www.lesfreresdebekker.be\/#website\"},\"datePublished\":\"2021-05-29T07:25:03+00:00\",\"dateModified\":\"2025-10-16T12:16:28+00:00\",\"description\":\"Consult the Debekker brothers' terms and conditions of sale: information on payment terms and commitments for your culinary events.\",\"breadcrumb\":{\"@id\":\"https:\/\/www.lesfreresdebekker.be\/conditions-generales-de-vente\/#breadcrumb\"},\"inLanguage\":\"en-US\",\"potentialAction\":[{\"@type\":\"ReadAction\",\"target\":[\"https:\/\/www.lesfreresdebekker.be\/conditions-generales-de-vente\/\"]}]},{\"@type\":\"BreadcrumbList\",\"@id\":\"https:\/\/www.lesfreresdebekker.be\/conditions-generales-de-vente\/#breadcrumb\",\"itemListElement\":[{\"@type\":\"ListItem\",\"position\":1,\"name\":\"Accueil\",\"item\":\"https:\/\/www.lesfreresdebekker.be\/\"},{\"@type\":\"ListItem\",\"position\":2,\"name\":\"Conditions g\u00e9n\u00e9rales de vente\"}]},{\"@type\":\"WebSite\",\"@id\":\"https:\/\/www.lesfreresdebekker.be\/#website\",\"url\":\"https:\/\/www.lesfreresdebekker.be\/\",\"name\":\"Les Fr\u00e8res Debekker\",\"description\":\"\",\"potentialAction\":[{\"@type\":\"SearchAction\",\"target\":{\"@type\":\"EntryPoint\",\"urlTemplate\":\"https:\/\/www.lesfreresdebekker.be\/?s={search_term_string}\"},\"query-input\":{\"@type\":\"PropertyValueSpecification\",\"valueRequired\":true,\"valueName\":\"search_term_string\"}}],\"inLanguage\":\"en-US\"}]}<\/script>\n<!-- \/ Yoast SEO plugin. -->","yoast_head_json":{"title":"Conditions g\u00e9n\u00e9rales de vente - Les Fr\u00e8res Debekker","description":"Consult the Debekker brothers' terms and conditions of sale: information on payment terms and commitments for your culinary events.","robots":{"index":"index","follow":"follow","max-snippet":"max-snippet:-1","max-image-preview":"max-image-preview:large","max-video-preview":"max-video-preview:-1"},"canonical":"https:\/\/www.lesfreresdebekker.be\/conditions-generales-de-vente\/","og_locale":"en_US","og_type":"article","og_title":"Conditions g\u00e9n\u00e9rales de vente - Les Fr\u00e8res Debekker","og_description":"Consult the Debekker brothers' terms and conditions of sale: information on payment terms and commitments for your culinary events.","og_url":"https:\/\/www.lesfreresdebekker.be\/conditions-generales-de-vente\/","og_site_name":"Les Fr\u00e8res Debekker","article_modified_time":"2025-10-16T12:16:28+00:00","twitter_card":"summary_large_image","twitter_misc":{"Est. reading time":"4 minutes"},"schema":{"@context":"https:\/\/schema.org","@graph":[{"@type":"WebPage","@id":"https:\/\/www.lesfreresdebekker.be\/conditions-generales-de-vente\/","url":"https:\/\/www.lesfreresdebekker.be\/conditions-generales-de-vente\/","name":"Conditions g\u00e9n\u00e9rales de vente - Les Fr\u00e8res Debekker","isPartOf":{"@id":"https:\/\/www.lesfreresdebekker.be\/#website"},"datePublished":"2021-05-29T07:25:03+00:00","dateModified":"2025-10-16T12:16:28+00:00","description":"Consult the Debekker brothers' terms and conditions of sale: information on payment terms and commitments for your culinary events.","breadcrumb":{"@id":"https:\/\/www.lesfreresdebekker.be\/conditions-generales-de-vente\/#breadcrumb"},"inLanguage":"en-US","potentialAction":[{"@type":"ReadAction","target":["https:\/\/www.lesfreresdebekker.be\/conditions-generales-de-vente\/"]}]},{"@type":"BreadcrumbList","@id":"https:\/\/www.lesfreresdebekker.be\/conditions-generales-de-vente\/#breadcrumb","itemListElement":[{"@type":"ListItem","position":1,"name":"Accueil","item":"https:\/\/www.lesfreresdebekker.be\/"},{"@type":"ListItem","position":2,"name":"Conditions g\u00e9n\u00e9rales de vente"}]},{"@type":"WebSite","@id":"https:\/\/www.lesfreresdebekker.be\/#website","url":"https:\/\/www.lesfreresdebekker.be\/","name":"Les Fr\u00e8res Debekker","description":"","potentialAction":[{"@type":"SearchAction","target":{"@type":"EntryPoint","urlTemplate":"https:\/\/www.lesfreresdebekker.be\/?s={search_term_string}"},"query-input":{"@type":"PropertyValueSpecification","valueRequired":true,"valueName":"search_term_string"}}],"inLanguage":"en-US"}]}},"_links":{"self":[{"href":"https:\/\/www.lesfreresdebekker.be\/en\/wp-json\/wp\/v2\/pages\/573","targetHints":{"allow":["GET"]}}],"collection":[{"href":"https:\/\/www.lesfreresdebekker.be\/en\/wp-json\/wp\/v2\/pages"}],"about":[{"href":"https:\/\/www.lesfreresdebekker.be\/en\/wp-json\/wp\/v2\/types\/page"}],"author":[{"embeddable":true,"href":"https:\/\/www.lesfreresdebekker.be\/en\/wp-json\/wp\/v2\/users\/1"}],"replies":[{"embeddable":true,"href":"https:\/\/www.lesfreresdebekker.be\/en\/wp-json\/wp\/v2\/comments?post=573"}],"version-history":[{"count":8,"href":"https:\/\/www.lesfreresdebekker.be\/en\/wp-json\/wp\/v2\/pages\/573\/revisions"}],"predecessor-version":[{"id":5373,"href":"https:\/\/www.lesfreresdebekker.be\/en\/wp-json\/wp\/v2\/pages\/573\/revisions\/5373"}],"wp:attachment":[{"href":"https:\/\/www.lesfreresdebekker.be\/en\/wp-json\/wp\/v2\/media?parent=573"}],"curies":[{"name":"wp","href":"https:\/\/api.w.org\/{rel}","templated":true}]}}