{"id":590,"date":"2021-05-29T08:33:45","date_gmt":"2021-05-29T07:33:45","guid":{"rendered":"https:\/\/www.lesfreresdebekker.be\/jobs\/"},"modified":"2025-10-16T13:29:17","modified_gmt":"2025-10-16T12:29:17","slug":"jobs","status":"publish","type":"page","link":"https:\/\/www.lesfreresdebekker.be\/en\/jobs\/","title":{"rendered":"Jobs"},"content":{"rendered":"<div class=\"fusion-fullwidth fullwidth-box fusion-builder-row-1 fusion-flex-container nonhundred-percent-fullwidth non-hundred-percent-height-scrolling\" style=\"--awb-border-radius-top-left:0px;--awb-border-radius-top-right:0px;--awb-border-radius-bottom-right:0px;--awb-border-radius-bottom-left:0px;\" ><div class=\"fusion-builder-row fusion-row fusion-flex-align-items-flex-start\" style=\"max-width:1040px;margin-left: calc(-4% \/ 2 );margin-right: calc(-4% \/ 2 );\"><div class=\"fusion-layout-column fusion_builder_column fusion-builder-column-0 fusion_builder_column_1_2 1_2 fusion-flex-column\" style=\"--awb-bg-size:cover;--awb-width-large:50%;--awb-margin-top-large:0px;--awb-spacing-right-large:3.84%;--awb-margin-bottom-large:20px;--awb-spacing-left-large:3.84%;--awb-width-medium:50%;--awb-order-medium:0;--awb-spacing-right-medium:3.84%;--awb-spacing-left-medium:3.84%;--awb-width-small:100%;--awb-order-small:0;--awb-spacing-right-small:1.92%;--awb-spacing-left-small:1.92%;\"><div class=\"fusion-column-wrapper fusion-column-has-shadow fusion-flex-justify-content-flex-start fusion-content-layout-column\"><div class=\"fusion-title title fusion-title-1 fusion-sep-none fusion-title-text fusion-title-size-two\"><h2 class=\"title-heading-left\" style=\"margin:0;\">We are currently looking for:<\/h2><\/div><div class=\"fusion-title title fusion-title-2 fusion-sep-none fusion-title-text fusion-title-size-three\" style=\"--awb-font-size:18px;\"><h3 class=\"title-heading-left\" style=\"margin:0;font-size:1em;\">Freelance staff<\/h3><\/div><div class=\"fusion-text fusion-text-1\"><p>Les Fr\u00e8res Debekker \u2013 Catering is currently seeking genuine partners to strengthen their team for a variety of events. In order to guarantee quality service and meet our customers&#8217; expectations, we want to work with motivated, reliable professionals who are passionate about their work.<\/p>\n<p>We are looking for waiters (m\/f), buffet staff (m\/f), cooks (m\/f) and dishwashers (m\/f) who are self-employed. A good appearance, proven experience in the catering sector and a professional and dynamic attitude are essential. Fluency in French and Dutch is a major asset in ensuring smooth communication with our customers and teams.<\/p>\n<p>A driving licence and vehicle are also required to ensure flexibility and autonomy when travelling to our various service locations.<\/p>\n<p>We are looking for versatile, dynamic and motivated employees who are able to adapt to the diversity of our events: private receptions, weddings, seminars, corporate cocktail parties and festive evenings. Assignments may take place during the day or in the evening and require a real ability to adapt, a sense of service and a constant desire to satisfy the customer.<\/p>\n<p>Joining the Debekker Brothers team means contributing to the success of high-quality events and sharing essential values: professionalism, friendliness and high standards. We prioritise relationships based on trust and long-term collaboration.<\/p>\n<p>Interested candidates are invited to contact Ms Genevi\u00e8ve Debekker on 02-736 00 40 to arrange an interview and discuss the terms of employment.<\/p>\n<p>Put your skills to work for a renowned catering company and enjoy wonderful human and culinary experiences with us.<\/p>\n<\/div><\/div><\/div><div class=\"fusion-layout-column fusion_builder_column fusion-builder-column-1 fusion_builder_column_1_2 1_2 fusion-flex-column\" style=\"--awb-bg-size:cover;--awb-width-large:50%;--awb-margin-top-large:0px;--awb-spacing-right-large:3.84%;--awb-margin-bottom-large:20px;--awb-spacing-left-large:3.84%;--awb-width-medium:50%;--awb-order-medium:0;--awb-spacing-right-medium:3.84%;--awb-spacing-left-medium:3.84%;--awb-width-small:100%;--awb-order-small:0;--awb-spacing-right-small:1.92%;--awb-spacing-left-small:1.92%;\"><div class=\"fusion-column-wrapper fusion-column-has-shadow fusion-flex-justify-content-flex-start fusion-content-layout-column\"><div class=\"fusion-form fusion-form-builder fusion-form-form-wrapper fusion-form-1187\" style=\"--awb-tooltip-text-color:#ffffff;--awb-tooltip-background-color:#333333;\" data-form-id=\"1187\" data-config=\"{&quot;form_id&quot;:1187,&quot;form_post_id&quot;:1187,&quot;post_id&quot;:590,&quot;form_type&quot;:&quot;database_email&quot;,&quot;confirmation_type&quot;:&quot;message&quot;,&quot;redirect_url&quot;:&quot;&quot;,&quot;field_labels&quot;:{&quot;name&quot;:&quot;Your name (mandatory)&quot;,&quot;email&quot;:&quot;Your email (mandatory)&quot;,&quot;subject&quot;:&quot;Subject&quot;,&quot;message&quot;:&quot;Your message:&quot;,&quot;cv&quot;:&quot;Your CV (pdf, doc, docx, 5MB max.)&quot;},&quot;field_logics&quot;:{&quot;name&quot;:&quot;&quot;,&quot;email&quot;:&quot;&quot;,&quot;subject&quot;:&quot;&quot;,&quot;message&quot;:&quot;&quot;,&quot;cv&quot;:&quot;&quot;,&quot;notice_1&quot;:&quot;&quot;},&quot;field_types&quot;:{&quot;name&quot;:&quot;text&quot;,&quot;email&quot;:&quot;email&quot;,&quot;subject&quot;:&quot;text&quot;,&quot;message&quot;:&quot;textarea&quot;,&quot;cv&quot;:&quot;upload&quot;,&quot;submit_1&quot;:&quot;submit&quot;,&quot;notice_1&quot;:&quot;notice&quot;},&quot;nonce_method&quot;:&quot;ajax&quot;}\"><form action=\"https:\/\/www.lesfreresdebekker.be\/en\/jobs\/\" method=\"post\" class=\"fusion-form fusion-form-1187\" enctype=\"multipart\/form-data\"><div class=\"fusion-fullwidth fullwidth-box fusion-builder-row-1-1 fusion-flex-container nonhundred-percent-fullwidth non-hundred-percent-height-scrolling\" style=\"--awb-border-radius-top-left:0px;--awb-border-radius-top-right:0px;--awb-border-radius-bottom-right:0px;--awb-border-radius-bottom-left:0px;\" ><div class=\"fusion-builder-row fusion-row fusion-flex-align-items-flex-start\" style=\"width:104% !important;max-width:104% !important;margin-left: calc(-4% \/ 2 );margin-right: calc(-4% \/ 2 );\"><div class=\"fusion-layout-column fusion_builder_column fusion-builder-column-2 fusion_builder_column_1_1 1_1 fusion-flex-column\" style=\"--awb-bg-size:cover;--awb-width-large:100%;--awb-margin-top-large:0px;--awb-spacing-right-large:1.92%;--awb-margin-bottom-large:20px;--awb-spacing-left-large:1.92%;--awb-width-medium:100%;--awb-order-medium:0;--awb-spacing-right-medium:1.92%;--awb-spacing-left-medium:1.92%;--awb-width-small:100%;--awb-order-small:0;--awb-spacing-right-small:1.92%;--awb-spacing-left-small:1.92%;\"><div class=\"fusion-column-wrapper fusion-column-has-shadow fusion-flex-justify-content-flex-start fusion-content-layout-column\"><div class=\"fusion-form-field fusion-form-text-field fusion-form-label-above\" style=\"\" data-form-id=\"1187\"><div class=\"fusion-form-label-wrapper\"><label for=\"name\">Your name (mandatory) <abbr class=\"fusion-form-element-required\" title=\"required\">*<\/abbr><\/label><\/div><input type=\"text\" name=\"name\" id=\"name\" value=\"\"  class=\"fusion-form-input\" required=\"true\" aria-required=\"true\" placeholder=\"Your name*\" data-holds-private-data=\"false\" minlength=\"2\" maxlength=\"120\"\/><\/div><div class=\"fusion-form-field fusion-form-email-field fusion-form-label-above\" style=\"\" data-form-id=\"1187\"><div class=\"fusion-form-label-wrapper\"><label for=\"email\">Your email (mandatory) <abbr class=\"fusion-form-element-required\" title=\"required\">*<\/abbr><\/label><\/div><input type=\"email\" name=\"email\" id=\"email\" value=\"\"  class=\"fusion-form-input\" required=\"true\" aria-required=\"true\" placeholder=\"exemple@exemple.com*\" data-holds-private-data=\"false\"\/><\/div><div class=\"fusion-form-field fusion-form-text-field fusion-form-label-above\" style=\"\" data-form-id=\"1187\"><div class=\"fusion-form-label-wrapper\"><label for=\"subject\">Subject<\/label><\/div><input type=\"text\" name=\"subject\" id=\"subject\" value=\"\"  class=\"fusion-form-input\" placeholder=\"Subject\" data-holds-private-data=\"false\" minlength=\"3\" maxlength=\"120\"\/><\/div><div class=\"fusion-form-field fusion-form-textarea-field fusion-form-label-above\" style=\"\" data-form-id=\"1187\"><label for=\"message\">Your message:<\/label><textarea cols=\"40\"  minlength=\"0\"  rows=\"4\" tabindex=\"\" id=\"message\" name=\"message\" class=\"fusion-form-input\" data-holds-private-data=\"false\"><\/textarea><\/div><div class=\"fusion-form-field fusion-form-upload-field fusion-form-label-above\" style=\"\" data-form-id=\"1187\"><label for=\"cv\">Your CV (pdf, doc, docx, 5MB max.)<\/label><div class=\"fusion-form-input-with-icon\"><i class=\" fa-upload fas\"><\/i><div class=\"fusion-form-upload-field-container\"><input type=\"file\" id=\"cv\" name=\"cv\" value=\"\"  class=\"fusion-form-input\"accept=\".pdf,.docx,.doc\" placeholder=\"Click or drag a file to this area to upload.\" data-size=\"5\"\/><input type=\"text\" disabled value=\"\" class=\"fusion-form-upload-field\"  placeholder=\"Click or drag a file to this area to upload.\" data-holds-private-data=\"false\"\/><div ><a class=\"fusion-button button-flat button-medium button-default fusion-button-default button-1 fusion-button-default-span fusion-button-default-type fusion-form-upload-field-button\" style=\"--button-border-radius-top-left:0px;--button-border-radius-top-right:0px;--button-border-radius-bottom-right:0px;--button-border-radius-bottom-left:0px;\" target=\"_self\" href=\"javascript:void();\"><span class=\"fusion-button-text\">Choose File<\/span><\/a><\/div><\/div><\/div><\/div><div class=\"fusion-form-field fusion-form-submit-field fusion-form-label-above\" style=\"\" data-form-id=\"1187\"><div style=\"text-align:right;\"><button type=\"submit\" class=\"fusion-button button-flat fusion-button-default-size button-default fusion-button-default button-2 fusion-button-default-span  form-form-submit button-default\" data-form-number=\"1187\" tabindex=\"\"><i class=\"fa-paper-plane fas button-icon-left\" aria-hidden=\"true\"><\/i><span class=\"fusion-button-text\">Envoyer<\/span><\/button><\/div><\/div><div class=\"form-submission-notices data-notice_1\" id=\"fusion-notices-1\"><div class=\"fusion-alert alert success alert-success fusion-alert-center fusion-form-response fusion-form-response-success alert-dismissable\" role=\"alert\"><div class=\"fusion-alert-content-wrapper\"><span class=\"alert-icon\"><i class=\"awb-icon-check-circle\" aria-hidden=\"true\"><\/i><\/span><span class=\"fusion-alert-content\">Votre message a bien \u00e9t\u00e9 envoy\u00e9. Nous vous recontacterons rapidement.<\/span><\/div><button type=\"button\" class=\"close toggle-alert\" data-dismiss=\"alert\" aria-label=\"Close\">&times;<\/button><\/div><div class=\"fusion-alert alert error alert-danger fusion-alert-center fusion-form-response fusion-form-response-error alert-dismissable\" role=\"alert\"><div class=\"fusion-alert-content-wrapper\"><span class=\"alert-icon\"><i class=\"awb-icon-exclamation-triangle\" aria-hidden=\"true\"><\/i><\/span><span class=\"fusion-alert-content\">Une erreur est survenue. Veuillez r\u00e9essayer.<\/span><\/div><button type=\"button\" class=\"close toggle-alert\" data-dismiss=\"alert\" aria-label=\"Close\">&times;<\/button><\/div><\/div><\/div><\/div><\/div><\/div><input type=\"hidden\" name=\"fusion_privacy_store_ip_ua\" value=\"false\"><input type=\"hidden\" name=\"fusion_privacy_expiration_interval\" value=\"48\"><input type=\"hidden\" name=\"privacy_expiration_action\" value=\"anonymize\"><\/form><\/div><\/div><\/div><\/div><\/div>\n","protected":false},"excerpt":{"rendered":"","protected":false},"author":1,"featured_media":0,"parent":0,"menu_order":0,"comment_status":"closed","ping_status":"closed","template":"","meta":{"footnotes":""},"class_list":["post-590","page","type-page","status-publish","hentry"],"yoast_head":"<!-- This site is optimized with the Yoast SEO plugin v26.7 - https:\/\/yoast.com\/wordpress\/plugins\/seo\/ -->\n<title>Jobs - Les Fr\u00e8res Debekker<\/title>\n<meta name=\"description\" content=\"Join the Debekker Brothers team: discover our job offers and career opportunities in the world of gastronomy and events.\" \/>\n<meta name=\"robots\" content=\"index, follow, max-snippet:-1, max-image-preview:large, max-video-preview:-1\" \/>\n<link rel=\"canonical\" href=\"https:\/\/www.lesfreresdebekker.be\/job\/\" \/>\n<meta property=\"og:locale\" content=\"en_US\" \/>\n<meta property=\"og:type\" content=\"article\" \/>\n<meta property=\"og:title\" content=\"Jobs - Les Fr\u00e8res Debekker\" \/>\n<meta property=\"og:description\" content=\"Join the Debekker Brothers team: discover our job offers and career opportunities in the world of gastronomy and events.\" \/>\n<meta property=\"og:url\" content=\"https:\/\/www.lesfreresdebekker.be\/job\/\" \/>\n<meta property=\"og:site_name\" content=\"Les Fr\u00e8res Debekker\" \/>\n<meta property=\"article:modified_time\" content=\"2025-10-16T12:29:17+00:00\" \/>\n<meta name=\"twitter:card\" content=\"summary_large_image\" \/>\n<meta name=\"twitter:label1\" content=\"Est. reading time\" \/>\n\t<meta name=\"twitter:data1\" content=\"7 minutes\" \/>\n<script type=\"application\/ld+json\" class=\"yoast-schema-graph\">{\"@context\":\"https:\/\/schema.org\",\"@graph\":[{\"@type\":\"WebPage\",\"@id\":\"https:\/\/www.lesfreresdebekker.be\/job\/\",\"url\":\"https:\/\/www.lesfreresdebekker.be\/job\/\",\"name\":\"Jobs - Les Fr\u00e8res Debekker\",\"isPartOf\":{\"@id\":\"https:\/\/www.lesfreresdebekker.be\/#website\"},\"datePublished\":\"2021-05-29T07:33:45+00:00\",\"dateModified\":\"2025-10-16T12:29:17+00:00\",\"description\":\"Join the Debekker Brothers team: discover our job offers and career opportunities in the world of gastronomy and events.\",\"breadcrumb\":{\"@id\":\"https:\/\/www.lesfreresdebekker.be\/job\/#breadcrumb\"},\"inLanguage\":\"en-US\",\"potentialAction\":[{\"@type\":\"ReadAction\",\"target\":[\"https:\/\/www.lesfreresdebekker.be\/job\/\"]}]},{\"@type\":\"BreadcrumbList\",\"@id\":\"https:\/\/www.lesfreresdebekker.be\/job\/#breadcrumb\",\"itemListElement\":[{\"@type\":\"ListItem\",\"position\":1,\"name\":\"Accueil\",\"item\":\"https:\/\/www.lesfreresdebekker.be\/\"},{\"@type\":\"ListItem\",\"position\":2,\"name\":\"Jobs\"}]},{\"@type\":\"WebSite\",\"@id\":\"https:\/\/www.lesfreresdebekker.be\/#website\",\"url\":\"https:\/\/www.lesfreresdebekker.be\/\",\"name\":\"Les Fr\u00e8res Debekker\",\"description\":\"\",\"potentialAction\":[{\"@type\":\"SearchAction\",\"target\":{\"@type\":\"EntryPoint\",\"urlTemplate\":\"https:\/\/www.lesfreresdebekker.be\/?s={search_term_string}\"},\"query-input\":{\"@type\":\"PropertyValueSpecification\",\"valueRequired\":true,\"valueName\":\"search_term_string\"}}],\"inLanguage\":\"en-US\"}]}<\/script>\n<!-- \/ Yoast SEO plugin. -->","yoast_head_json":{"title":"Jobs - Les Fr\u00e8res Debekker","description":"Join the Debekker Brothers team: discover our job offers and career opportunities in the world of gastronomy and events.","robots":{"index":"index","follow":"follow","max-snippet":"max-snippet:-1","max-image-preview":"max-image-preview:large","max-video-preview":"max-video-preview:-1"},"canonical":"https:\/\/www.lesfreresdebekker.be\/job\/","og_locale":"en_US","og_type":"article","og_title":"Jobs - Les Fr\u00e8res Debekker","og_description":"Join the Debekker Brothers team: discover our job offers and career opportunities in the world of gastronomy and events.","og_url":"https:\/\/www.lesfreresdebekker.be\/job\/","og_site_name":"Les Fr\u00e8res Debekker","article_modified_time":"2025-10-16T12:29:17+00:00","twitter_card":"summary_large_image","twitter_misc":{"Est. reading time":"7 minutes"},"schema":{"@context":"https:\/\/schema.org","@graph":[{"@type":"WebPage","@id":"https:\/\/www.lesfreresdebekker.be\/job\/","url":"https:\/\/www.lesfreresdebekker.be\/job\/","name":"Jobs - Les Fr\u00e8res Debekker","isPartOf":{"@id":"https:\/\/www.lesfreresdebekker.be\/#website"},"datePublished":"2021-05-29T07:33:45+00:00","dateModified":"2025-10-16T12:29:17+00:00","description":"Join the Debekker Brothers team: discover our job offers and career opportunities in the world of gastronomy and events.","breadcrumb":{"@id":"https:\/\/www.lesfreresdebekker.be\/job\/#breadcrumb"},"inLanguage":"en-US","potentialAction":[{"@type":"ReadAction","target":["https:\/\/www.lesfreresdebekker.be\/job\/"]}]},{"@type":"BreadcrumbList","@id":"https:\/\/www.lesfreresdebekker.be\/job\/#breadcrumb","itemListElement":[{"@type":"ListItem","position":1,"name":"Accueil","item":"https:\/\/www.lesfreresdebekker.be\/"},{"@type":"ListItem","position":2,"name":"Jobs"}]},{"@type":"WebSite","@id":"https:\/\/www.lesfreresdebekker.be\/#website","url":"https:\/\/www.lesfreresdebekker.be\/","name":"Les Fr\u00e8res Debekker","description":"","potentialAction":[{"@type":"SearchAction","target":{"@type":"EntryPoint","urlTemplate":"https:\/\/www.lesfreresdebekker.be\/?s={search_term_string}"},"query-input":{"@type":"PropertyValueSpecification","valueRequired":true,"valueName":"search_term_string"}}],"inLanguage":"en-US"}]}},"_links":{"self":[{"href":"https:\/\/www.lesfreresdebekker.be\/en\/wp-json\/wp\/v2\/pages\/590","targetHints":{"allow":["GET"]}}],"collection":[{"href":"https:\/\/www.lesfreresdebekker.be\/en\/wp-json\/wp\/v2\/pages"}],"about":[{"href":"https:\/\/www.lesfreresdebekker.be\/en\/wp-json\/wp\/v2\/types\/page"}],"author":[{"embeddable":true,"href":"https:\/\/www.lesfreresdebekker.be\/en\/wp-json\/wp\/v2\/users\/1"}],"replies":[{"embeddable":true,"href":"https:\/\/www.lesfreresdebekker.be\/en\/wp-json\/wp\/v2\/comments?post=590"}],"version-history":[{"count":10,"href":"https:\/\/www.lesfreresdebekker.be\/en\/wp-json\/wp\/v2\/pages\/590\/revisions"}],"predecessor-version":[{"id":5391,"href":"https:\/\/www.lesfreresdebekker.be\/en\/wp-json\/wp\/v2\/pages\/590\/revisions\/5391"}],"wp:attachment":[{"href":"https:\/\/www.lesfreresdebekker.be\/en\/wp-json\/wp\/v2\/media?parent=590"}],"curies":[{"name":"wp","href":"https:\/\/api.w.org\/{rel}","templated":true}]}}