{"id":571,"date":"2021-05-29T08:24:45","date_gmt":"2021-05-29T07:24:45","guid":{"rendered":"https:\/\/www.lesfreresdebekker.be\/conditions-generales-de-vente\/"},"modified":"2025-10-16T13:15:53","modified_gmt":"2025-10-16T12:15:53","slug":"conditions-generales-de-vente","status":"publish","type":"page","link":"https:\/\/www.lesfreresdebekker.be\/nl\/conditions-generales-de-vente\/","title":{"rendered":"Conditions g\u00e9n\u00e9rales de vente"},"content":{"rendered":"<div class=\"fusion-fullwidth fullwidth-box fusion-builder-row-1 fusion-flex-container nonhundred-percent-fullwidth non-hundred-percent-height-scrolling\" style=\"--awb-border-radius-top-left:0px;--awb-border-radius-top-right:0px;--awb-border-radius-bottom-right:0px;--awb-border-radius-bottom-left:0px;\" ><div class=\"fusion-builder-row fusion-row fusion-flex-align-items-flex-start\" style=\"max-width:1040px;margin-left: calc(-4% \/ 2 );margin-right: calc(-4% \/ 2 );\"><div class=\"fusion-layout-column fusion_builder_column fusion-builder-column-0 fusion_builder_column_1_1 1_1 fusion-flex-column\" style=\"--awb-bg-size:cover;--awb-width-large:100%;--awb-margin-top-large:0px;--awb-spacing-right-large:1.92%;--awb-margin-bottom-large:20px;--awb-spacing-left-large:1.92%;--awb-width-medium:100%;--awb-order-medium:0;--awb-spacing-right-medium:1.92%;--awb-spacing-left-medium:1.92%;--awb-width-small:100%;--awb-order-small:0;--awb-spacing-right-small:1.92%;--awb-spacing-left-small:1.92%;\"><div class=\"fusion-column-wrapper fusion-column-has-shadow fusion-flex-justify-content-flex-start fusion-content-layout-column\"><div class=\"fusion-text fusion-text-1\"><h1>Algemene voorwaarden:<\/h1>\n<p>1. Onze facturen zijn contant betaalbaar aan de maatschappelijke zetel, de NV Les Fr\u00e8res DEBEKKER &#8211; Traiteur, of aan het organisme dat vermeld wordt op de factuur.<\/p>\n<p>2. Elke factuur die onbetaald bleef op de vervaldatum zal vermeerderd worden met een interest van 1% per maand tot op de dag van betaling.<\/p>\n<p>3. De aanvaarding van de factuur geldt van rechtswege en volgens art. 1139 B.W. als ingebrekestelling zonder dat er enige akte nodig is en alleen door het verstrijken van de termijn.<\/p>\n<p>4. In geval van niet betaling van een factuur op z\u2019n vervaldatum, wordt een onherroepelijke en gebruikelijke strafclausule van kracht die oploopt tot 12%, verschuldigd door de schuldenaar met een minimum van 125,00 euro.<\/p>\n<p>5. Onderhavige overeenkomst is onderworpen aan het Belgisch recht en elke betwisting valt onder de exclusieve rechtsbevoegdheid van de rechtbank van het arrondissement Brussel, of in voorkomend geval van het Vredegerecht van het 1ste Kanton van het arrondissement.<\/p>\n<\/div><\/div><\/div><\/div><\/div>\n","protected":false},"excerpt":{"rendered":"","protected":false},"author":1,"featured_media":0,"parent":0,"menu_order":0,"comment_status":"closed","ping_status":"closed","template":"","meta":{"footnotes":""},"class_list":["post-571","page","type-page","status-publish","hentry"],"yoast_head":"<!-- This site is optimized with the Yoast SEO plugin v26.7 - https:\/\/yoast.com\/wordpress\/plugins\/seo\/ -->\n<title>Conditions g\u00e9n\u00e9rales de vente - Les Fr\u00e8res Debekker<\/title>\n<meta name=\"description\" content=\"Raadpleeg de algemene verkoopvoorwaarden van de gebroeders Debekker: informatie over de betalingsvoorwaarden en verplichtingen voor uw culinaire evenementen.\" \/>\n<meta name=\"robots\" content=\"index, follow, max-snippet:-1, max-image-preview:large, max-video-preview:-1\" \/>\n<link rel=\"canonical\" href=\"https:\/\/www.lesfreresdebekker.be\/conditions-generales-de-vente\/\" \/>\n<meta property=\"og:locale\" content=\"nl_NL\" \/>\n<meta property=\"og:type\" content=\"article\" \/>\n<meta property=\"og:title\" content=\"Conditions g\u00e9n\u00e9rales de vente - Les Fr\u00e8res Debekker\" \/>\n<meta property=\"og:description\" content=\"Raadpleeg de algemene verkoopvoorwaarden van de gebroeders Debekker: informatie over de betalingsvoorwaarden en verplichtingen voor uw culinaire evenementen.\" \/>\n<meta property=\"og:url\" content=\"https:\/\/www.lesfreresdebekker.be\/conditions-generales-de-vente\/\" \/>\n<meta property=\"og:site_name\" content=\"Les Fr\u00e8res Debekker\" \/>\n<meta property=\"article:modified_time\" content=\"2025-10-16T12:15:53+00:00\" \/>\n<meta name=\"twitter:card\" content=\"summary_large_image\" \/>\n<meta name=\"twitter:label1\" content=\"Geschatte leestijd\" \/>\n\t<meta name=\"twitter:data1\" content=\"4 minuten\" \/>\n<script type=\"application\/ld+json\" class=\"yoast-schema-graph\">{\"@context\":\"https:\/\/schema.org\",\"@graph\":[{\"@type\":\"WebPage\",\"@id\":\"https:\/\/www.lesfreresdebekker.be\/conditions-generales-de-vente\/\",\"url\":\"https:\/\/www.lesfreresdebekker.be\/conditions-generales-de-vente\/\",\"name\":\"Conditions g\u00e9n\u00e9rales de vente - Les Fr\u00e8res Debekker\",\"isPartOf\":{\"@id\":\"https:\/\/www.lesfreresdebekker.be\/#website\"},\"datePublished\":\"2021-05-29T07:24:45+00:00\",\"dateModified\":\"2025-10-16T12:15:53+00:00\",\"description\":\"Raadpleeg de algemene verkoopvoorwaarden van de gebroeders Debekker: informatie over de betalingsvoorwaarden en verplichtingen voor uw culinaire evenementen.\",\"breadcrumb\":{\"@id\":\"https:\/\/www.lesfreresdebekker.be\/conditions-generales-de-vente\/#breadcrumb\"},\"inLanguage\":\"nl-NL\",\"potentialAction\":[{\"@type\":\"ReadAction\",\"target\":[\"https:\/\/www.lesfreresdebekker.be\/conditions-generales-de-vente\/\"]}]},{\"@type\":\"BreadcrumbList\",\"@id\":\"https:\/\/www.lesfreresdebekker.be\/conditions-generales-de-vente\/#breadcrumb\",\"itemListElement\":[{\"@type\":\"ListItem\",\"position\":1,\"name\":\"Accueil\",\"item\":\"https:\/\/www.lesfreresdebekker.be\/\"},{\"@type\":\"ListItem\",\"position\":2,\"name\":\"Conditions g\u00e9n\u00e9rales de vente\"}]},{\"@type\":\"WebSite\",\"@id\":\"https:\/\/www.lesfreresdebekker.be\/#website\",\"url\":\"https:\/\/www.lesfreresdebekker.be\/\",\"name\":\"Les Fr\u00e8res Debekker\",\"description\":\"\",\"potentialAction\":[{\"@type\":\"SearchAction\",\"target\":{\"@type\":\"EntryPoint\",\"urlTemplate\":\"https:\/\/www.lesfreresdebekker.be\/?s={search_term_string}\"},\"query-input\":{\"@type\":\"PropertyValueSpecification\",\"valueRequired\":true,\"valueName\":\"search_term_string\"}}],\"inLanguage\":\"nl-NL\"}]}<\/script>\n<!-- \/ Yoast SEO plugin. -->","yoast_head_json":{"title":"Conditions g\u00e9n\u00e9rales de vente - Les Fr\u00e8res Debekker","description":"Raadpleeg de algemene verkoopvoorwaarden van de gebroeders Debekker: informatie over de betalingsvoorwaarden en verplichtingen voor uw culinaire evenementen.","robots":{"index":"index","follow":"follow","max-snippet":"max-snippet:-1","max-image-preview":"max-image-preview:large","max-video-preview":"max-video-preview:-1"},"canonical":"https:\/\/www.lesfreresdebekker.be\/conditions-generales-de-vente\/","og_locale":"nl_NL","og_type":"article","og_title":"Conditions g\u00e9n\u00e9rales de vente - Les Fr\u00e8res Debekker","og_description":"Raadpleeg de algemene verkoopvoorwaarden van de gebroeders Debekker: informatie over de betalingsvoorwaarden en verplichtingen voor uw culinaire evenementen.","og_url":"https:\/\/www.lesfreresdebekker.be\/conditions-generales-de-vente\/","og_site_name":"Les Fr\u00e8res Debekker","article_modified_time":"2025-10-16T12:15:53+00:00","twitter_card":"summary_large_image","twitter_misc":{"Geschatte leestijd":"4 minuten"},"schema":{"@context":"https:\/\/schema.org","@graph":[{"@type":"WebPage","@id":"https:\/\/www.lesfreresdebekker.be\/conditions-generales-de-vente\/","url":"https:\/\/www.lesfreresdebekker.be\/conditions-generales-de-vente\/","name":"Conditions g\u00e9n\u00e9rales de vente - Les Fr\u00e8res Debekker","isPartOf":{"@id":"https:\/\/www.lesfreresdebekker.be\/#website"},"datePublished":"2021-05-29T07:24:45+00:00","dateModified":"2025-10-16T12:15:53+00:00","description":"Raadpleeg de algemene verkoopvoorwaarden van de gebroeders Debekker: informatie over de betalingsvoorwaarden en verplichtingen voor uw culinaire evenementen.","breadcrumb":{"@id":"https:\/\/www.lesfreresdebekker.be\/conditions-generales-de-vente\/#breadcrumb"},"inLanguage":"nl-NL","potentialAction":[{"@type":"ReadAction","target":["https:\/\/www.lesfreresdebekker.be\/conditions-generales-de-vente\/"]}]},{"@type":"BreadcrumbList","@id":"https:\/\/www.lesfreresdebekker.be\/conditions-generales-de-vente\/#breadcrumb","itemListElement":[{"@type":"ListItem","position":1,"name":"Accueil","item":"https:\/\/www.lesfreresdebekker.be\/"},{"@type":"ListItem","position":2,"name":"Conditions g\u00e9n\u00e9rales de vente"}]},{"@type":"WebSite","@id":"https:\/\/www.lesfreresdebekker.be\/#website","url":"https:\/\/www.lesfreresdebekker.be\/","name":"Les Fr\u00e8res Debekker","description":"","potentialAction":[{"@type":"SearchAction","target":{"@type":"EntryPoint","urlTemplate":"https:\/\/www.lesfreresdebekker.be\/?s={search_term_string}"},"query-input":{"@type":"PropertyValueSpecification","valueRequired":true,"valueName":"search_term_string"}}],"inLanguage":"nl-NL"}]}},"_links":{"self":[{"href":"https:\/\/www.lesfreresdebekker.be\/nl\/wp-json\/wp\/v2\/pages\/571","targetHints":{"allow":["GET"]}}],"collection":[{"href":"https:\/\/www.lesfreresdebekker.be\/nl\/wp-json\/wp\/v2\/pages"}],"about":[{"href":"https:\/\/www.lesfreresdebekker.be\/nl\/wp-json\/wp\/v2\/types\/page"}],"author":[{"embeddable":true,"href":"https:\/\/www.lesfreresdebekker.be\/nl\/wp-json\/wp\/v2\/users\/1"}],"replies":[{"embeddable":true,"href":"https:\/\/www.lesfreresdebekker.be\/nl\/wp-json\/wp\/v2\/comments?post=571"}],"version-history":[{"count":8,"href":"https:\/\/www.lesfreresdebekker.be\/nl\/wp-json\/wp\/v2\/pages\/571\/revisions"}],"predecessor-version":[{"id":5371,"href":"https:\/\/www.lesfreresdebekker.be\/nl\/wp-json\/wp\/v2\/pages\/571\/revisions\/5371"}],"wp:attachment":[{"href":"https:\/\/www.lesfreresdebekker.be\/nl\/wp-json\/wp\/v2\/media?parent=571"}],"curies":[{"name":"wp","href":"https:\/\/api.w.org\/{rel}","templated":true}]}}